{"id":17981,"date":"2025-12-10T13:53:58","date_gmt":"2025-12-10T12:53:58","guid":{"rendered":"https:\/\/perfettohome.sk\/?post_type=product&#038;p=17981"},"modified":"2026-03-23T13:42:22","modified_gmt":"2026-03-23T12:42:22","slug":"delissimo-hazelnut-91-g-tejcsokolades-bonbonok","status":"publish","type":"product","link":"https:\/\/perfettohome.sk\/hu\/produkt\/delissimo-hazelnut-91-g-tejcsokolades-bonbonok\/","title":{"rendered":"Delissimo Hazelnut &#8211; bonb\u00f3ny z mlie\u010dnej \u010dokol\u00e1dy 91g"},"content":{"rendered":"<p>Eleg\u00e1ns \u00e9s \u00edzletes \u00e9dess\u00e9g: l\u00e1gy tejcsokol\u00e1d\u00e9 kr\u00e9mes mogyor\u00f3s t\u00f6ltel\u00e9kkel, ide\u00e1lis aj\u00e1nd\u00e9knak vagy apr\u00f3 nassolnival\u00f3nak.<\/p>\n<p>Tulajdons\u00e1gok:<\/p>\n<p>S\u00faly: 91\u202fg<\/p>\n<p>T\u00edpus: tejcsokol\u00e1d\u00e9s bonbon mogyor\u00f3s t\u00f6ltel\u00e9kkel<\/p>\n<p>Kellemes, kr\u00e9mes \u00edz<\/p>\n<p>Eleg\u00e1ns csomagol\u00e1s<\/p>\n<p>Aj\u00e1nlott: feln\u0151tteknek, otthoni nassol\u00e1shoz, aj\u00e1nd\u00e9kba<\/p>\n","protected":false},"excerpt":{"rendered":"<p>Eleg\u00e1ns \u00e9s \u00edzletes \u00e9dess\u00e9g: l\u00e1gy tejcsokol\u00e1d\u00e9 kr\u00e9mes mogyor\u00f3s t\u00f6ltel\u00e9kkel, ide\u00e1lis aj\u00e1nd\u00e9knak vagy apr\u00f3 nassolnival\u00f3nak. Tulajdons\u00e1gok: S\u00faly: 91\u202fg T\u00edpus: tejcsokol\u00e1d\u00e9s bonbon mogyor\u00f3s t\u00f6ltel\u00e9kkel Kellemes, kr\u00e9mes \u00edz Eleg\u00e1ns csomagol\u00e1s Aj\u00e1nlott: feln\u0151tteknek, otthoni nassol\u00e1shoz, aj\u00e1nd\u00e9kba<\/p>\n","protected":false},"featured_media":17973,"template":"","meta":[],"product_brand":[],"product_cat":[344],"product_tag":[],"class_list":{"0":"post-17981","1":"product","2":"type-product","3":"status-publish","4":"has-post-thumbnail","6":"product_cat-cukraszati-termekek","8":"first","9":"instock","10":"taxable","11":"shipping-taxable","12":"purchasable","13":"product-type-simple"},"_links":{"self":[{"href":"https:\/\/perfettohome.sk\/hu\/wp-json\/wp\/v2\/product\/17981","targetHints":{"allow":["GET"]}}],"collection":[{"href":"https:\/\/perfettohome.sk\/hu\/wp-json\/wp\/v2\/product"}],"about":[{"href":"https:\/\/perfettohome.sk\/hu\/wp-json\/wp\/v2\/types\/product"}],"wp:featuredmedia":[{"embeddable":true,"href":"https:\/\/perfettohome.sk\/hu\/wp-json\/wp\/v2\/media\/17973"}],"wp:attachment":[{"href":"https:\/\/perfettohome.sk\/hu\/wp-json\/wp\/v2\/media?parent=17981"}],"wp:term":[{"taxonomy":"product_brand","embeddable":true,"href":"https:\/\/perfettohome.sk\/hu\/wp-json\/wp\/v2\/product_brand?post=17981"},{"taxonomy":"product_cat","embeddable":true,"href":"https:\/\/perfettohome.sk\/hu\/wp-json\/wp\/v2\/product_cat?post=17981"},{"taxonomy":"product_tag","embeddable":true,"href":"https:\/\/perfettohome.sk\/hu\/wp-json\/wp\/v2\/product_tag?post=17981"}],"curies":[{"name":"wp","href":"https:\/\/api.w.org\/{rel}","templated":true}]}}