{"id":17990,"date":"2025-12-10T13:53:59","date_gmt":"2025-12-10T12:53:59","guid":{"rendered":"https:\/\/perfettohome.sk\/?post_type=product&#038;p=17990"},"modified":"2025-12-16T23:49:07","modified_gmt":"2025-12-16T22:49:07","slug":"feher-csokolade-kokusszal-fekete-ribizli-kezzel-keszult-100-g","status":"publish","type":"product","link":"https:\/\/perfettohome.sk\/hu\/produkt\/feher-csokolade-kokusszal-fekete-ribizli-kezzel-keszult-100-g\/","title":{"rendered":"FEH\u00c9R CSOKOL\u00c1D\u00c9 K\u00d3KUSSZAL + FEKETE RIBIZLI (k\u00e9zzel k\u00e9sz\u00fclt) 100\u202fg"},"content":{"rendered":"<p>K\u00e9zzel k\u00e9sz\u00fclt feh\u00e9r csokol\u00e1d\u00e9, gazdag k\u00f3kuszos \u00edzzel \u00e9s friss fekete ribizli darabokkal. K\u00fcl\u00f6nleges \u00e9s eleg\u00e1ns finoms\u00e1g, amely t\u00f6k\u00e9letes aj\u00e1nd\u00e9k vagy \u00ednycsikland\u00f3 desszert kieg\u00e9sz\u00edt\u0151.<\/p>\n<p>Tulajdons\u00e1gok:<\/p>\n<p>S\u00faly: 100\u202fg<\/p>\n<p>\u00cdz: feh\u00e9r csokol\u00e1d\u00e9, k\u00f3kusz, fekete ribizli<\/p>\n<p>K\u00e9zzel k\u00e9sz\u00fclt<\/p>\n<p>Aj\u00e1nlott: aj\u00e1nd\u00e9kba, desszerthez, k\u00fcl\u00f6nleges alkalmakra<\/p>\n","protected":false},"excerpt":{"rendered":"<p>K\u00e9zzel k\u00e9sz\u00fclt feh\u00e9r csokol\u00e1d\u00e9, gazdag k\u00f3kuszos \u00edzzel \u00e9s friss fekete ribizli darabokkal. K\u00fcl\u00f6nleges \u00e9s eleg\u00e1ns finoms\u00e1g, amely t\u00f6k\u00e9letes aj\u00e1nd\u00e9k vagy \u00ednycsikland\u00f3 desszert kieg\u00e9sz\u00edt\u0151. Tulajdons\u00e1gok: S\u00faly: 100\u202fg \u00cdz: feh\u00e9r csokol\u00e1d\u00e9, k\u00f3kusz, fekete ribizli K\u00e9zzel k\u00e9sz\u00fclt Aj\u00e1nlott: aj\u00e1nd\u00e9kba, desszerthez, k\u00fcl\u00f6nleges alkalmakra<\/p>\n","protected":false},"featured_media":17979,"template":"","meta":[],"product_brand":[],"product_cat":[344],"product_tag":[],"class_list":{"0":"post-17990","1":"product","2":"type-product","3":"status-publish","4":"has-post-thumbnail","6":"product_cat-cukraszati-termekek","8":"first","9":"instock","10":"taxable","11":"shipping-taxable","12":"purchasable","13":"product-type-simple"},"_links":{"self":[{"href":"https:\/\/perfettohome.sk\/hu\/wp-json\/wp\/v2\/product\/17990","targetHints":{"allow":["GET"]}}],"collection":[{"href":"https:\/\/perfettohome.sk\/hu\/wp-json\/wp\/v2\/product"}],"about":[{"href":"https:\/\/perfettohome.sk\/hu\/wp-json\/wp\/v2\/types\/product"}],"wp:featuredmedia":[{"embeddable":true,"href":"https:\/\/perfettohome.sk\/hu\/wp-json\/wp\/v2\/media\/17979"}],"wp:attachment":[{"href":"https:\/\/perfettohome.sk\/hu\/wp-json\/wp\/v2\/media?parent=17990"}],"wp:term":[{"taxonomy":"product_brand","embeddable":true,"href":"https:\/\/perfettohome.sk\/hu\/wp-json\/wp\/v2\/product_brand?post=17990"},{"taxonomy":"product_cat","embeddable":true,"href":"https:\/\/perfettohome.sk\/hu\/wp-json\/wp\/v2\/product_cat?post=17990"},{"taxonomy":"product_tag","embeddable":true,"href":"https:\/\/perfettohome.sk\/hu\/wp-json\/wp\/v2\/product_tag?post=17990"}],"curies":[{"name":"wp","href":"https:\/\/api.w.org\/{rel}","templated":true}]}}