{"id":18304,"date":"2026-02-12T12:37:42","date_gmt":"2026-02-12T11:37:42","guid":{"rendered":"https:\/\/perfettohome.sk\/?post_type=product&#038;p=18304"},"modified":"2026-03-27T13:52:29","modified_gmt":"2026-03-27T12:52:29","slug":"shelma-kapsicka-pre-macky-4x85g-losos-morka","status":"publish","type":"product","link":"https:\/\/perfettohome.sk\/hu\/produkt\/shelma-kapsicka-pre-macky-4x85g-losos-morka\/","title":{"rendered":"Shelma kapsi\u010dka pre ma\u010dky 4x85g losos morka"},"content":{"rendered":"<p>Pre junior ma\u010dky<\/p>\n","protected":false},"excerpt":{"rendered":"<p>Pre junior ma\u010dky<\/p>\n","protected":false},"featured_media":0,"template":"","meta":[],"product_brand":[],"product_cat":[268],"product_tag":[],"class_list":{"0":"post-18304","1":"product","2":"type-product","3":"status-publish","5":"product_cat-kapsicky","7":"first","8":"instock","9":"taxable","10":"shipping-taxable","11":"purchasable","12":"product-type-simple"},"_links":{"self":[{"href":"https:\/\/perfettohome.sk\/hu\/wp-json\/wp\/v2\/product\/18304","targetHints":{"allow":["GET"]}}],"collection":[{"href":"https:\/\/perfettohome.sk\/hu\/wp-json\/wp\/v2\/product"}],"about":[{"href":"https:\/\/perfettohome.sk\/hu\/wp-json\/wp\/v2\/types\/product"}],"wp:attachment":[{"href":"https:\/\/perfettohome.sk\/hu\/wp-json\/wp\/v2\/media?parent=18304"}],"wp:term":[{"taxonomy":"product_brand","embeddable":true,"href":"https:\/\/perfettohome.sk\/hu\/wp-json\/wp\/v2\/product_brand?post=18304"},{"taxonomy":"product_cat","embeddable":true,"href":"https:\/\/perfettohome.sk\/hu\/wp-json\/wp\/v2\/product_cat?post=18304"},{"taxonomy":"product_tag","embeddable":true,"href":"https:\/\/perfettohome.sk\/hu\/wp-json\/wp\/v2\/product_tag?post=18304"}],"curies":[{"name":"wp","href":"https:\/\/api.w.org\/{rel}","templated":true}]}}