{"id":18312,"date":"2026-02-12T13:19:27","date_gmt":"2026-02-12T12:19:27","guid":{"rendered":"https:\/\/perfettohome.sk\/?post_type=product&#038;p=18312"},"modified":"2026-03-25T11:10:32","modified_gmt":"2026-03-25T10:10:32","slug":"kuchynske-utierky-perfex-jumbo-2-vrstvove","status":"publish","type":"product","link":"https:\/\/perfettohome.sk\/hu\/produkt\/kuchynske-utierky-perfex-jumbo-2-vrstvove\/","title":{"rendered":"Kuchynsk\u00e9 utierky Perfex Jumbo \u2013 2 vrstvov\u00e9"},"content":{"rendered":"<p>150 \u00fatr\u017ekov<\/p>\n","protected":false},"excerpt":{"rendered":"<p>150 \u00fatr\u017ekov<\/p>\n","protected":false},"featured_media":18299,"template":"","meta":[],"product_brand":[],"product_cat":[174],"product_tag":[],"class_list":{"0":"post-18312","1":"product","2":"type-product","3":"status-publish","4":"has-post-thumbnail","6":"product_cat-utierky-vreckovky","8":"first","9":"instock","10":"taxable","11":"shipping-taxable","12":"purchasable","13":"product-type-simple"},"_links":{"self":[{"href":"https:\/\/perfettohome.sk\/hu\/wp-json\/wp\/v2\/product\/18312","targetHints":{"allow":["GET"]}}],"collection":[{"href":"https:\/\/perfettohome.sk\/hu\/wp-json\/wp\/v2\/product"}],"about":[{"href":"https:\/\/perfettohome.sk\/hu\/wp-json\/wp\/v2\/types\/product"}],"wp:featuredmedia":[{"embeddable":true,"href":"https:\/\/perfettohome.sk\/hu\/wp-json\/wp\/v2\/media\/18299"}],"wp:attachment":[{"href":"https:\/\/perfettohome.sk\/hu\/wp-json\/wp\/v2\/media?parent=18312"}],"wp:term":[{"taxonomy":"product_brand","embeddable":true,"href":"https:\/\/perfettohome.sk\/hu\/wp-json\/wp\/v2\/product_brand?post=18312"},{"taxonomy":"product_cat","embeddable":true,"href":"https:\/\/perfettohome.sk\/hu\/wp-json\/wp\/v2\/product_cat?post=18312"},{"taxonomy":"product_tag","embeddable":true,"href":"https:\/\/perfettohome.sk\/hu\/wp-json\/wp\/v2\/product_tag?post=18312"}],"curies":[{"name":"wp","href":"https:\/\/api.w.org\/{rel}","templated":true}]}}