{"id":18373,"date":"2026-02-26T16:15:56","date_gmt":"2026-02-26T15:15:56","guid":{"rendered":"https:\/\/perfettohome.sk\/?post_type=product&#038;p=18373"},"modified":"2026-03-27T13:51:41","modified_gmt":"2026-03-27T12:51:41","slug":"polaris-granule-pre-psov-75g-losos-immunity","status":"publish","type":"product","link":"https:\/\/perfettohome.sk\/hu\/produkt\/polaris-granule-pre-psov-75g-losos-immunity\/","title":{"rendered":"Polaris Granule pre psov 750g losos Immunity"},"content":{"rendered":"<p>Rad krm\u00edv, ktor\u00e9 sa zameriavaj\u00fa na podporu imunitn\u00e9ho syst\u00e9mu v\u00e1\u0161ho dom\u00e1ceho mazn\u00e1\u010dika. Recept\u00fary s\u00fa obohaten\u00e9 o pr\u00edrodn\u00e9 beta-gluk\u00e1ny, ktor\u00e9 prirodzene posil\u0148uj\u00fa obranyschopnos\u0165 psov. Polaris je tie\u017e bohat\u00fd na antioxidanty, ako s\u00fa \u0161\u00edpky, brusnice, \u010du\u010doriedky a rakytn\u00edk, ktor\u00e9 chr\u00e1nia bunky pred vo\u013en\u00fdmi radik\u00e1lmi a podporuj\u00fa celkov\u00e9 zdravie v\u00e1\u0161ho psa.<\/p>\n<p>Krmiv\u00e1 Polaris Immunity neobsahuj\u00fa lepok ani obilniny, \u010do zais\u0165uje lep\u0161iu str\u00e1vite\u013enos\u0165 a zni\u017euje riziko alergick\u00fdch reakci\u00ed. Pridan\u00e1 vl\u00e1knina vo forme pr\u00edrodn\u00fdch prebiot\u00edk podporuje zdrav\u00fa \u010drevn\u00fa mikrofl\u00f3ru a zlep\u0161uje tr\u00e1venie. Imunita sa tvor\u00ed v \u010drev\u00e1ch, tak\u017ee zdrav\u00e1 \u010drevn\u00e1 mikrofl\u00f3ra je k\u013e\u00fa\u010dom k celkovej odolnosti organizmu.<\/p>\n<p>80 % \u017eivo\u010d\u00ed\u0161nych bielkov\u00edn<br \/>\nRecept\u00fara bez obiln\u00edn, bez lepku a bez kurac\u00edch bielkov\u00edn<br \/>\nBez umel\u00fdch farb\u00edv a pr\u00edchut\u00ed, bez GMO<\/p>\n","protected":false},"excerpt":{"rendered":"<p>Rad krm\u00edv, ktor\u00e9 sa zameriavaj\u00fa na podporu imunitn\u00e9ho syst\u00e9mu v\u00e1\u0161ho dom\u00e1ceho mazn\u00e1\u010dika. Recept\u00fary s\u00fa obohaten\u00e9 o pr\u00edrodn\u00e9 beta-gluk\u00e1ny, ktor\u00e9 prirodzene posil\u0148uj\u00fa obranyschopnos\u0165 psov. Polaris je tie\u017e bohat\u00fd na antioxidanty, ako s\u00fa \u0161\u00edpky, brusnice, \u010du\u010doriedky a rakytn\u00edk, ktor\u00e9 chr\u00e1nia bunky pred vo\u013en\u00fdmi radik\u00e1lmi a podporuj\u00fa celkov\u00e9 zdravie v\u00e1\u0161ho psa. Krmiv\u00e1 Polaris Immunity neobsahuj\u00fa lepok ani obilniny, [&hellip;]<\/p>\n","protected":false},"featured_media":18378,"template":"","meta":[],"product_brand":[],"product_cat":[257],"product_tag":[],"class_list":{"0":"post-18373","1":"product","2":"type-product","3":"status-publish","4":"has-post-thumbnail","6":"product_cat-domaci-maznacikovia","8":"first","9":"outofstock","10":"taxable","11":"shipping-taxable","12":"purchasable","13":"product-type-simple"},"_links":{"self":[{"href":"https:\/\/perfettohome.sk\/hu\/wp-json\/wp\/v2\/product\/18373","targetHints":{"allow":["GET"]}}],"collection":[{"href":"https:\/\/perfettohome.sk\/hu\/wp-json\/wp\/v2\/product"}],"about":[{"href":"https:\/\/perfettohome.sk\/hu\/wp-json\/wp\/v2\/types\/product"}],"wp:featuredmedia":[{"embeddable":true,"href":"https:\/\/perfettohome.sk\/hu\/wp-json\/wp\/v2\/media\/18378"}],"wp:attachment":[{"href":"https:\/\/perfettohome.sk\/hu\/wp-json\/wp\/v2\/media?parent=18373"}],"wp:term":[{"taxonomy":"product_brand","embeddable":true,"href":"https:\/\/perfettohome.sk\/hu\/wp-json\/wp\/v2\/product_brand?post=18373"},{"taxonomy":"product_cat","embeddable":true,"href":"https:\/\/perfettohome.sk\/hu\/wp-json\/wp\/v2\/product_cat?post=18373"},{"taxonomy":"product_tag","embeddable":true,"href":"https:\/\/perfettohome.sk\/hu\/wp-json\/wp\/v2\/product_tag?post=18373"}],"curies":[{"name":"wp","href":"https:\/\/api.w.org\/{rel}","templated":true}]}}