{"id":18463,"date":"2026-03-06T11:23:40","date_gmt":"2026-03-06T10:23:40","guid":{"rendered":"https:\/\/perfettohome.sk\/?post_type=product&#038;p=18463"},"modified":"2026-03-25T14:10:09","modified_gmt":"2026-03-25T13:10:09","slug":"pulirapid-aceto-750ml","status":"publish","type":"product","link":"https:\/\/perfettohome.sk\/hu\/produkt\/pulirapid-aceto-750ml\/","title":{"rendered":"Pulirapid Aceto 750ml"},"content":{"rendered":"<p>\u010cistiaci prostriedok na vodn\u00fd kame\u0148<\/p>\n","protected":false},"excerpt":{"rendered":"<p>\u010cistiaci prostriedok na vodn\u00fd kame\u0148<\/p>\n","protected":false},"featured_media":18464,"template":"","meta":[],"product_brand":[358],"product_cat":[20],"product_tag":[],"class_list":{"0":"post-18463","1":"product","2":"type-product","3":"status-publish","4":"has-post-thumbnail","6":"product_brand-pulirapid","7":"product_cat-cistiace-prostriedky","9":"first","10":"instock","11":"taxable","12":"shipping-taxable","13":"purchasable","14":"product-type-simple"},"_links":{"self":[{"href":"https:\/\/perfettohome.sk\/hu\/wp-json\/wp\/v2\/product\/18463","targetHints":{"allow":["GET"]}}],"collection":[{"href":"https:\/\/perfettohome.sk\/hu\/wp-json\/wp\/v2\/product"}],"about":[{"href":"https:\/\/perfettohome.sk\/hu\/wp-json\/wp\/v2\/types\/product"}],"wp:featuredmedia":[{"embeddable":true,"href":"https:\/\/perfettohome.sk\/hu\/wp-json\/wp\/v2\/media\/18464"}],"wp:attachment":[{"href":"https:\/\/perfettohome.sk\/hu\/wp-json\/wp\/v2\/media?parent=18463"}],"wp:term":[{"taxonomy":"product_brand","embeddable":true,"href":"https:\/\/perfettohome.sk\/hu\/wp-json\/wp\/v2\/product_brand?post=18463"},{"taxonomy":"product_cat","embeddable":true,"href":"https:\/\/perfettohome.sk\/hu\/wp-json\/wp\/v2\/product_cat?post=18463"},{"taxonomy":"product_tag","embeddable":true,"href":"https:\/\/perfettohome.sk\/hu\/wp-json\/wp\/v2\/product_tag?post=18463"}],"curies":[{"name":"wp","href":"https:\/\/api.w.org\/{rel}","templated":true}]}}