{"id":18470,"date":"2026-03-06T11:26:09","date_gmt":"2026-03-06T10:26:09","guid":{"rendered":"https:\/\/perfettohome.sk\/?post_type=product&#038;p=18470"},"modified":"2026-03-25T14:08:59","modified_gmt":"2026-03-25T13:08:59","slug":"fixinela-500ml","status":"publish","type":"product","link":"https:\/\/perfettohome.sk\/hu\/produkt\/fixinela-500ml\/","title":{"rendered":"Fixinela 500ml"},"content":{"rendered":"<p>\u010cistiaci prostriedok na hrdzu a vodn\u00fd kame\u0148<\/p>\n","protected":false},"excerpt":{"rendered":"<p>\u010cistiaci prostriedok na hrdzu a vodn\u00fd kame\u0148<\/p>\n","protected":false},"featured_media":18468,"template":"","meta":[],"product_brand":[359],"product_cat":[20],"product_tag":[],"class_list":{"0":"post-18470","1":"product","2":"type-product","3":"status-publish","4":"has-post-thumbnail","6":"product_brand-fixinela","7":"product_cat-cistiace-prostriedky","9":"first","10":"instock","11":"taxable","12":"shipping-taxable","13":"purchasable","14":"product-type-simple"},"_links":{"self":[{"href":"https:\/\/perfettohome.sk\/hu\/wp-json\/wp\/v2\/product\/18470","targetHints":{"allow":["GET"]}}],"collection":[{"href":"https:\/\/perfettohome.sk\/hu\/wp-json\/wp\/v2\/product"}],"about":[{"href":"https:\/\/perfettohome.sk\/hu\/wp-json\/wp\/v2\/types\/product"}],"wp:featuredmedia":[{"embeddable":true,"href":"https:\/\/perfettohome.sk\/hu\/wp-json\/wp\/v2\/media\/18468"}],"wp:attachment":[{"href":"https:\/\/perfettohome.sk\/hu\/wp-json\/wp\/v2\/media?parent=18470"}],"wp:term":[{"taxonomy":"product_brand","embeddable":true,"href":"https:\/\/perfettohome.sk\/hu\/wp-json\/wp\/v2\/product_brand?post=18470"},{"taxonomy":"product_cat","embeddable":true,"href":"https:\/\/perfettohome.sk\/hu\/wp-json\/wp\/v2\/product_cat?post=18470"},{"taxonomy":"product_tag","embeddable":true,"href":"https:\/\/perfettohome.sk\/hu\/wp-json\/wp\/v2\/product_tag?post=18470"}],"curies":[{"name":"wp","href":"https:\/\/api.w.org\/{rel}","templated":true}]}}