{"id":18471,"date":"2026-03-06T11:30:28","date_gmt":"2026-03-06T10:30:28","guid":{"rendered":"https:\/\/perfettohome.sk\/?post_type=product&#038;p=18471"},"modified":"2026-03-25T14:08:43","modified_gmt":"2026-03-25T13:08:43","slug":"savo-proti-plesniam-500ml","status":"publish","type":"product","link":"https:\/\/perfettohome.sk\/hu\/produkt\/savo-proti-plesniam-500ml\/","title":{"rendered":"Savo proti plesniam 500ml"},"content":{"rendered":"<p>Savo dezinfek\u010dn\u00fd prostriedok proti plesniam s rozpra\u0161ova\u010dom<\/p>\n","protected":false},"excerpt":{"rendered":"<p>Savo dezinfek\u010dn\u00fd prostriedok proti plesniam s rozpra\u0161ova\u010dom<\/p>\n","protected":false},"featured_media":18466,"template":"","meta":[],"product_brand":[360],"product_cat":[20],"product_tag":[],"class_list":{"0":"post-18471","1":"product","2":"type-product","3":"status-publish","4":"has-post-thumbnail","6":"product_brand-savo","7":"product_cat-cistiace-prostriedky","9":"first","10":"instock","11":"taxable","12":"shipping-taxable","13":"purchasable","14":"product-type-simple"},"_links":{"self":[{"href":"https:\/\/perfettohome.sk\/hu\/wp-json\/wp\/v2\/product\/18471","targetHints":{"allow":["GET"]}}],"collection":[{"href":"https:\/\/perfettohome.sk\/hu\/wp-json\/wp\/v2\/product"}],"about":[{"href":"https:\/\/perfettohome.sk\/hu\/wp-json\/wp\/v2\/types\/product"}],"wp:featuredmedia":[{"embeddable":true,"href":"https:\/\/perfettohome.sk\/hu\/wp-json\/wp\/v2\/media\/18466"}],"wp:attachment":[{"href":"https:\/\/perfettohome.sk\/hu\/wp-json\/wp\/v2\/media?parent=18471"}],"wp:term":[{"taxonomy":"product_brand","embeddable":true,"href":"https:\/\/perfettohome.sk\/hu\/wp-json\/wp\/v2\/product_brand?post=18471"},{"taxonomy":"product_cat","embeddable":true,"href":"https:\/\/perfettohome.sk\/hu\/wp-json\/wp\/v2\/product_cat?post=18471"},{"taxonomy":"product_tag","embeddable":true,"href":"https:\/\/perfettohome.sk\/hu\/wp-json\/wp\/v2\/product_tag?post=18471"}],"curies":[{"name":"wp","href":"https:\/\/api.w.org\/{rel}","templated":true}]}}