{"id":18481,"date":"2026-03-06T14:46:51","date_gmt":"2026-03-06T13:46:51","guid":{"rendered":"https:\/\/perfettohome.sk\/?post_type=product&#038;p=18481"},"modified":"2026-03-27T13:49:39","modified_gmt":"2026-03-27T12:49:39","slug":"bolsius-vonne-cajove-sviecky-maxi-jasmine-mango","status":"publish","type":"product","link":"https:\/\/perfettohome.sk\/hu\/produkt\/bolsius-vonne-cajove-sviecky-maxi-jasmine-mango\/","title":{"rendered":"Bolsius vonn\u00e9 \u010dajov\u00e9 svie\u010dky MAXI Jasmine Mango"},"content":{"rendered":"","protected":false},"excerpt":{"rendered":"","protected":false},"featured_media":18479,"template":"","meta":[],"product_brand":[254],"product_cat":[167],"product_tag":[],"class_list":{"0":"post-18481","1":"product","2":"type-product","3":"status-publish","4":"has-post-thumbnail","6":"product_brand-bolsius","7":"product_cat-vonne-sviecky","9":"first","10":"instock","11":"taxable","12":"shipping-taxable","13":"purchasable","14":"product-type-simple"},"_links":{"self":[{"href":"https:\/\/perfettohome.sk\/hu\/wp-json\/wp\/v2\/product\/18481","targetHints":{"allow":["GET"]}}],"collection":[{"href":"https:\/\/perfettohome.sk\/hu\/wp-json\/wp\/v2\/product"}],"about":[{"href":"https:\/\/perfettohome.sk\/hu\/wp-json\/wp\/v2\/types\/product"}],"wp:featuredmedia":[{"embeddable":true,"href":"https:\/\/perfettohome.sk\/hu\/wp-json\/wp\/v2\/media\/18479"}],"wp:attachment":[{"href":"https:\/\/perfettohome.sk\/hu\/wp-json\/wp\/v2\/media?parent=18481"}],"wp:term":[{"taxonomy":"product_brand","embeddable":true,"href":"https:\/\/perfettohome.sk\/hu\/wp-json\/wp\/v2\/product_brand?post=18481"},{"taxonomy":"product_cat","embeddable":true,"href":"https:\/\/perfettohome.sk\/hu\/wp-json\/wp\/v2\/product_cat?post=18481"},{"taxonomy":"product_tag","embeddable":true,"href":"https:\/\/perfettohome.sk\/hu\/wp-json\/wp\/v2\/product_tag?post=18481"}],"curies":[{"name":"wp","href":"https:\/\/api.w.org\/{rel}","templated":true}]}}