{"id":18483,"date":"2026-03-06T14:52:10","date_gmt":"2026-03-06T13:52:10","guid":{"rendered":"https:\/\/perfettohome.sk\/?post_type=product&#038;p=18483"},"modified":"2026-03-27T13:49:54","modified_gmt":"2026-03-27T12:49:54","slug":"bolsius-vonna-sviecka-v-skle-cherry-ice-cream-25h","status":"publish","type":"product","link":"https:\/\/perfettohome.sk\/hu\/produkt\/bolsius-vonna-sviecka-v-skle-cherry-ice-cream-25h\/","title":{"rendered":"Bolsius vonn\u00e1 svie\u010dka v skle Cherry Ice Cream 25h"},"content":{"rendered":"<p>Vonn\u00e1 svie\u010dka v skle s v\u00f4\u0148ou \u010dere\u0161\u0148ovej zmrzliny<\/p>\n","protected":false},"excerpt":{"rendered":"<p>Vonn\u00e1 svie\u010dka v skle s v\u00f4\u0148ou \u010dere\u0161\u0148ovej zmrzliny<\/p>\n","protected":false},"featured_media":18477,"template":"","meta":[],"product_brand":[254],"product_cat":[167],"product_tag":[],"class_list":{"0":"post-18483","1":"product","2":"type-product","3":"status-publish","4":"has-post-thumbnail","6":"product_brand-bolsius","7":"product_cat-vonne-sviecky","9":"first","10":"instock","11":"taxable","12":"shipping-taxable","13":"purchasable","14":"product-type-simple"},"_links":{"self":[{"href":"https:\/\/perfettohome.sk\/hu\/wp-json\/wp\/v2\/product\/18483","targetHints":{"allow":["GET"]}}],"collection":[{"href":"https:\/\/perfettohome.sk\/hu\/wp-json\/wp\/v2\/product"}],"about":[{"href":"https:\/\/perfettohome.sk\/hu\/wp-json\/wp\/v2\/types\/product"}],"wp:featuredmedia":[{"embeddable":true,"href":"https:\/\/perfettohome.sk\/hu\/wp-json\/wp\/v2\/media\/18477"}],"wp:attachment":[{"href":"https:\/\/perfettohome.sk\/hu\/wp-json\/wp\/v2\/media?parent=18483"}],"wp:term":[{"taxonomy":"product_brand","embeddable":true,"href":"https:\/\/perfettohome.sk\/hu\/wp-json\/wp\/v2\/product_brand?post=18483"},{"taxonomy":"product_cat","embeddable":true,"href":"https:\/\/perfettohome.sk\/hu\/wp-json\/wp\/v2\/product_cat?post=18483"},{"taxonomy":"product_tag","embeddable":true,"href":"https:\/\/perfettohome.sk\/hu\/wp-json\/wp\/v2\/product_tag?post=18483"}],"curies":[{"name":"wp","href":"https:\/\/api.w.org\/{rel}","templated":true}]}}