{"id":18721,"date":"2026-04-07T13:19:32","date_gmt":"2026-04-07T11:19:32","guid":{"rendered":"https:\/\/perfettohome.sk\/?post_type=product&#038;p=18721"},"modified":"2026-04-07T13:25:05","modified_gmt":"2026-04-07T11:25:05","slug":"softimo-servitky-1-vrstvove-45ks-s-potlacou","status":"publish","type":"product","link":"https:\/\/perfettohome.sk\/hu\/produkt\/softimo-servitky-1-vrstvove-45ks-s-potlacou\/","title":{"rendered":"Softimo serv\u00edtky 1 vrstvov\u00e9 \u2013 45ks s potla\u010dou"},"content":{"rendered":"<p>Softimo serv\u00edtky 45ks s kvetinovou potla\u010dou<\/p>\n","protected":false},"excerpt":{"rendered":"<p>Softimo serv\u00edtky 45ks s kvetinovou potla\u010dou<\/p>\n","protected":false},"featured_media":18722,"template":"","meta":[],"product_brand":[361],"product_cat":[174],"product_tag":[],"class_list":{"0":"post-18721","1":"product","2":"type-product","3":"status-publish","4":"has-post-thumbnail","6":"product_brand-softimo","7":"product_cat-utierky-vreckovky","9":"first","10":"instock","11":"taxable","12":"shipping-taxable","13":"purchasable","14":"product-type-simple"},"_links":{"self":[{"href":"https:\/\/perfettohome.sk\/hu\/wp-json\/wp\/v2\/product\/18721","targetHints":{"allow":["GET"]}}],"collection":[{"href":"https:\/\/perfettohome.sk\/hu\/wp-json\/wp\/v2\/product"}],"about":[{"href":"https:\/\/perfettohome.sk\/hu\/wp-json\/wp\/v2\/types\/product"}],"wp:featuredmedia":[{"embeddable":true,"href":"https:\/\/perfettohome.sk\/hu\/wp-json\/wp\/v2\/media\/18722"}],"wp:attachment":[{"href":"https:\/\/perfettohome.sk\/hu\/wp-json\/wp\/v2\/media?parent=18721"}],"wp:term":[{"taxonomy":"product_brand","embeddable":true,"href":"https:\/\/perfettohome.sk\/hu\/wp-json\/wp\/v2\/product_brand?post=18721"},{"taxonomy":"product_cat","embeddable":true,"href":"https:\/\/perfettohome.sk\/hu\/wp-json\/wp\/v2\/product_cat?post=18721"},{"taxonomy":"product_tag","embeddable":true,"href":"https:\/\/perfettohome.sk\/hu\/wp-json\/wp\/v2\/product_tag?post=18721"}],"curies":[{"name":"wp","href":"https:\/\/api.w.org\/{rel}","templated":true}]}}