{"id":18736,"date":"2026-04-08T10:31:11","date_gmt":"2026-04-08T08:31:11","guid":{"rendered":"https:\/\/perfettohome.sk\/?post_type=product&#038;p=18736"},"modified":"2026-04-08T10:31:11","modified_gmt":"2026-04-08T08:31:11","slug":"airwick-auto-napln-250ml-freshmatic-citrus","status":"publish","type":"product","link":"https:\/\/perfettohome.sk\/hu\/produkt\/airwick-auto-napln-250ml-freshmatic-citrus\/","title":{"rendered":"AirWick auto. n\u00e1pl\u0148 250ml \u2013 Freshmatic Citrus"},"content":{"rendered":"<p>250ml n\u00e1pl\u0148 do automatick\u00e9ho osvie\u017eova\u010da zna\u010dky Air Wick s v\u00f4\u0148ou citrusov<\/p>\n","protected":false},"excerpt":{"rendered":"<p>250ml n\u00e1pl\u0148 do automatick\u00e9ho osvie\u017eova\u010da zna\u010dky Air Wick s v\u00f4\u0148ou citrusov<\/p>\n","protected":false},"featured_media":18737,"template":"","meta":[],"product_brand":[45],"product_cat":[167],"product_tag":[],"class_list":{"0":"post-18736","1":"product","2":"type-product","3":"status-publish","4":"has-post-thumbnail","6":"product_brand-airwick","7":"product_cat-vonne-sviecky","9":"first","10":"instock","11":"taxable","12":"shipping-taxable","13":"purchasable","14":"product-type-simple"},"_links":{"self":[{"href":"https:\/\/perfettohome.sk\/hu\/wp-json\/wp\/v2\/product\/18736","targetHints":{"allow":["GET"]}}],"collection":[{"href":"https:\/\/perfettohome.sk\/hu\/wp-json\/wp\/v2\/product"}],"about":[{"href":"https:\/\/perfettohome.sk\/hu\/wp-json\/wp\/v2\/types\/product"}],"wp:featuredmedia":[{"embeddable":true,"href":"https:\/\/perfettohome.sk\/hu\/wp-json\/wp\/v2\/media\/18737"}],"wp:attachment":[{"href":"https:\/\/perfettohome.sk\/hu\/wp-json\/wp\/v2\/media?parent=18736"}],"wp:term":[{"taxonomy":"product_brand","embeddable":true,"href":"https:\/\/perfettohome.sk\/hu\/wp-json\/wp\/v2\/product_brand?post=18736"},{"taxonomy":"product_cat","embeddable":true,"href":"https:\/\/perfettohome.sk\/hu\/wp-json\/wp\/v2\/product_cat?post=18736"},{"taxonomy":"product_tag","embeddable":true,"href":"https:\/\/perfettohome.sk\/hu\/wp-json\/wp\/v2\/product_tag?post=18736"}],"curies":[{"name":"wp","href":"https:\/\/api.w.org\/{rel}","templated":true}]}}