{"id":18745,"date":"2026-04-08T10:36:58","date_gmt":"2026-04-08T08:36:58","guid":{"rendered":"https:\/\/perfettohome.sk\/?post_type=product&#038;p=18745"},"modified":"2026-04-08T10:36:58","modified_gmt":"2026-04-08T08:36:58","slug":"old-spice-stick-70ml-whitewater","status":"publish","type":"product","link":"https:\/\/perfettohome.sk\/hu\/produkt\/old-spice-stick-70ml-whitewater\/","title":{"rendered":"Old Spice stick 70ml \u2013 Whitewater"},"content":{"rendered":"<p>G\u00e9lov\u00fd antiperspirant zna\u010dky Old Spice<\/p>\n","protected":false},"excerpt":{"rendered":"<p>G\u00e9lov\u00fd antiperspirant zna\u010dky Old Spice<\/p>\n","protected":false},"featured_media":18743,"template":"","meta":[],"product_brand":[202],"product_cat":[196],"product_tag":[],"class_list":{"0":"post-18745","1":"product","2":"type-product","3":"status-publish","4":"has-post-thumbnail","6":"product_brand-old-spice","7":"product_cat-dezodoranty","9":"first","10":"instock","11":"taxable","12":"shipping-taxable","13":"purchasable","14":"product-type-simple"},"_links":{"self":[{"href":"https:\/\/perfettohome.sk\/hu\/wp-json\/wp\/v2\/product\/18745","targetHints":{"allow":["GET"]}}],"collection":[{"href":"https:\/\/perfettohome.sk\/hu\/wp-json\/wp\/v2\/product"}],"about":[{"href":"https:\/\/perfettohome.sk\/hu\/wp-json\/wp\/v2\/types\/product"}],"wp:featuredmedia":[{"embeddable":true,"href":"https:\/\/perfettohome.sk\/hu\/wp-json\/wp\/v2\/media\/18743"}],"wp:attachment":[{"href":"https:\/\/perfettohome.sk\/hu\/wp-json\/wp\/v2\/media?parent=18745"}],"wp:term":[{"taxonomy":"product_brand","embeddable":true,"href":"https:\/\/perfettohome.sk\/hu\/wp-json\/wp\/v2\/product_brand?post=18745"},{"taxonomy":"product_cat","embeddable":true,"href":"https:\/\/perfettohome.sk\/hu\/wp-json\/wp\/v2\/product_cat?post=18745"},{"taxonomy":"product_tag","embeddable":true,"href":"https:\/\/perfettohome.sk\/hu\/wp-json\/wp\/v2\/product_tag?post=18745"}],"curies":[{"name":"wp","href":"https:\/\/api.w.org\/{rel}","templated":true}]}}