{"id":18831,"date":"2026-04-14T14:05:19","date_gmt":"2026-04-14T12:05:19","guid":{"rendered":"https:\/\/perfettohome.sk\/?post_type=product&#038;p=18831"},"modified":"2026-04-14T14:05:19","modified_gmt":"2026-04-14T12:05:19","slug":"miss-life-bamboo-tycinkovy-osviezovac-red-dragon-100ml","status":"publish","type":"product","link":"https:\/\/perfettohome.sk\/hu\/produkt\/miss-life-bamboo-tycinkovy-osviezovac-red-dragon-100ml\/","title":{"rendered":"Miss Life Bamboo &#8211; ty\u010dinkov\u00fd osvie\u017eova\u010d &#8211; Red Dragon 100ml"},"content":{"rendered":"","protected":false},"excerpt":{"rendered":"","protected":false},"featured_media":18820,"template":"","meta":[],"product_brand":[247],"product_cat":[167],"product_tag":[],"class_list":{"0":"post-18831","1":"product","2":"type-product","3":"status-publish","4":"has-post-thumbnail","6":"product_brand-miss-life","7":"product_cat-vonne-sviecky","9":"first","10":"instock","11":"taxable","12":"shipping-taxable","13":"purchasable","14":"product-type-simple"},"_links":{"self":[{"href":"https:\/\/perfettohome.sk\/hu\/wp-json\/wp\/v2\/product\/18831","targetHints":{"allow":["GET"]}}],"collection":[{"href":"https:\/\/perfettohome.sk\/hu\/wp-json\/wp\/v2\/product"}],"about":[{"href":"https:\/\/perfettohome.sk\/hu\/wp-json\/wp\/v2\/types\/product"}],"wp:featuredmedia":[{"embeddable":true,"href":"https:\/\/perfettohome.sk\/hu\/wp-json\/wp\/v2\/media\/18820"}],"wp:attachment":[{"href":"https:\/\/perfettohome.sk\/hu\/wp-json\/wp\/v2\/media?parent=18831"}],"wp:term":[{"taxonomy":"product_brand","embeddable":true,"href":"https:\/\/perfettohome.sk\/hu\/wp-json\/wp\/v2\/product_brand?post=18831"},{"taxonomy":"product_cat","embeddable":true,"href":"https:\/\/perfettohome.sk\/hu\/wp-json\/wp\/v2\/product_cat?post=18831"},{"taxonomy":"product_tag","embeddable":true,"href":"https:\/\/perfettohome.sk\/hu\/wp-json\/wp\/v2\/product_tag?post=18831"}],"curies":[{"name":"wp","href":"https:\/\/api.w.org\/{rel}","templated":true}]}}