{"id":18859,"date":"2026-04-17T13:01:53","date_gmt":"2026-04-17T11:01:53","guid":{"rendered":"https:\/\/perfettohome.sk\/?post_type=product&#038;p=18859"},"modified":"2026-04-17T13:01:53","modified_gmt":"2026-04-17T11:01:53","slug":"disney-pena-do-kupela-500ml-winnie-the-pooh-bear-macko-pu","status":"publish","type":"product","link":"https:\/\/perfettohome.sk\/hu\/produkt\/disney-pena-do-kupela-500ml-winnie-the-pooh-bear-macko-pu\/","title":{"rendered":"Disney pena do k\u00fape\u013ea 500ml Winnie the Pooh Bear (Macko P\u00fa)"},"content":{"rendered":"","protected":false},"excerpt":{"rendered":"","protected":false},"featured_media":0,"template":"","meta":[],"product_brand":[],"product_cat":[145,21],"product_tag":[],"class_list":{"0":"post-18859","1":"product","2":"type-product","3":"status-publish","5":"product_cat-uncategorized-sk","6":"product_cat-osobna-hygiena","8":"first","9":"instock","10":"taxable","11":"shipping-taxable","12":"purchasable","13":"product-type-simple"},"_links":{"self":[{"href":"https:\/\/perfettohome.sk\/hu\/wp-json\/wp\/v2\/product\/18859","targetHints":{"allow":["GET"]}}],"collection":[{"href":"https:\/\/perfettohome.sk\/hu\/wp-json\/wp\/v2\/product"}],"about":[{"href":"https:\/\/perfettohome.sk\/hu\/wp-json\/wp\/v2\/types\/product"}],"wp:attachment":[{"href":"https:\/\/perfettohome.sk\/hu\/wp-json\/wp\/v2\/media?parent=18859"}],"wp:term":[{"taxonomy":"product_brand","embeddable":true,"href":"https:\/\/perfettohome.sk\/hu\/wp-json\/wp\/v2\/product_brand?post=18859"},{"taxonomy":"product_cat","embeddable":true,"href":"https:\/\/perfettohome.sk\/hu\/wp-json\/wp\/v2\/product_cat?post=18859"},{"taxonomy":"product_tag","embeddable":true,"href":"https:\/\/perfettohome.sk\/hu\/wp-json\/wp\/v2\/product_tag?post=18859"}],"curies":[{"name":"wp","href":"https:\/\/api.w.org\/{rel}","templated":true}]}}