{"id":18880,"date":"2026-04-17T13:12:20","date_gmt":"2026-04-17T11:12:20","guid":{"rendered":"https:\/\/perfettohome.sk\/?post_type=product&#038;p=18880"},"modified":"2026-04-17T13:12:21","modified_gmt":"2026-04-17T11:12:21","slug":"mazzini-aluminiova-tacka-na-grilovanie-3ks","status":"publish","type":"product","link":"https:\/\/perfettohome.sk\/hu\/produkt\/mazzini-aluminiova-tacka-na-grilovanie-3ks\/","title":{"rendered":"MAZZINI \u2013 Alum\u00edniov\u00e1 t\u00e1cka na grilovanie 3ks"},"content":{"rendered":"","protected":false},"excerpt":{"rendered":"","protected":false},"featured_media":18865,"template":"","meta":[],"product_brand":[363],"product_cat":[253],"product_tag":[],"class_list":{"0":"post-18880","1":"product","2":"type-product","3":"status-publish","4":"has-post-thumbnail","6":"product_brand-mazzini","7":"product_cat-pomocny-material","9":"first","10":"instock","11":"taxable","12":"shipping-taxable","13":"purchasable","14":"product-type-simple"},"_links":{"self":[{"href":"https:\/\/perfettohome.sk\/hu\/wp-json\/wp\/v2\/product\/18880","targetHints":{"allow":["GET"]}}],"collection":[{"href":"https:\/\/perfettohome.sk\/hu\/wp-json\/wp\/v2\/product"}],"about":[{"href":"https:\/\/perfettohome.sk\/hu\/wp-json\/wp\/v2\/types\/product"}],"wp:featuredmedia":[{"embeddable":true,"href":"https:\/\/perfettohome.sk\/hu\/wp-json\/wp\/v2\/media\/18865"}],"wp:attachment":[{"href":"https:\/\/perfettohome.sk\/hu\/wp-json\/wp\/v2\/media?parent=18880"}],"wp:term":[{"taxonomy":"product_brand","embeddable":true,"href":"https:\/\/perfettohome.sk\/hu\/wp-json\/wp\/v2\/product_brand?post=18880"},{"taxonomy":"product_cat","embeddable":true,"href":"https:\/\/perfettohome.sk\/hu\/wp-json\/wp\/v2\/product_cat?post=18880"},{"taxonomy":"product_tag","embeddable":true,"href":"https:\/\/perfettohome.sk\/hu\/wp-json\/wp\/v2\/product_tag?post=18880"}],"curies":[{"name":"wp","href":"https:\/\/api.w.org\/{rel}","templated":true}]}}