{"id":18883,"date":"2026-04-17T13:17:03","date_gmt":"2026-04-17T11:17:03","guid":{"rendered":"https:\/\/perfettohome.sk\/?post_type=product&#038;p=18883"},"modified":"2026-04-17T13:17:04","modified_gmt":"2026-04-17T11:17:04","slug":"mazzini-papier-na-pecenie-stvorec-do-teplovzdusnej-fritezy-23x23cm-50ks","status":"publish","type":"product","link":"https:\/\/perfettohome.sk\/hu\/produkt\/mazzini-papier-na-pecenie-stvorec-do-teplovzdusnej-fritezy-23x23cm-50ks\/","title":{"rendered":"MAZZINI \u2013 Papier na pe\u010denie \u0161tvorec- do teplovzdu\u0161nej frit\u00e9zy 23x23cm\/50ks"},"content":{"rendered":"","protected":false},"excerpt":{"rendered":"","protected":false},"featured_media":18877,"template":"","meta":[],"product_brand":[363],"product_cat":[253],"product_tag":[],"class_list":{"0":"post-18883","1":"product","2":"type-product","3":"status-publish","4":"has-post-thumbnail","6":"product_brand-mazzini","7":"product_cat-pomocny-material","9":"first","10":"instock","11":"taxable","12":"shipping-taxable","13":"purchasable","14":"product-type-simple"},"_links":{"self":[{"href":"https:\/\/perfettohome.sk\/hu\/wp-json\/wp\/v2\/product\/18883","targetHints":{"allow":["GET"]}}],"collection":[{"href":"https:\/\/perfettohome.sk\/hu\/wp-json\/wp\/v2\/product"}],"about":[{"href":"https:\/\/perfettohome.sk\/hu\/wp-json\/wp\/v2\/types\/product"}],"wp:featuredmedia":[{"embeddable":true,"href":"https:\/\/perfettohome.sk\/hu\/wp-json\/wp\/v2\/media\/18877"}],"wp:attachment":[{"href":"https:\/\/perfettohome.sk\/hu\/wp-json\/wp\/v2\/media?parent=18883"}],"wp:term":[{"taxonomy":"product_brand","embeddable":true,"href":"https:\/\/perfettohome.sk\/hu\/wp-json\/wp\/v2\/product_brand?post=18883"},{"taxonomy":"product_cat","embeddable":true,"href":"https:\/\/perfettohome.sk\/hu\/wp-json\/wp\/v2\/product_cat?post=18883"},{"taxonomy":"product_tag","embeddable":true,"href":"https:\/\/perfettohome.sk\/hu\/wp-json\/wp\/v2\/product_tag?post=18883"}],"curies":[{"name":"wp","href":"https:\/\/api.w.org\/{rel}","templated":true}]}}