{"id":18885,"date":"2026-04-17T13:21:17","date_gmt":"2026-04-17T11:21:17","guid":{"rendered":"https:\/\/perfettohome.sk\/?post_type=product&#038;p=18885"},"modified":"2026-04-17T13:21:18","modified_gmt":"2026-04-17T11:21:18","slug":"mazzini-drevene-sparadla-220ks","status":"publish","type":"product","link":"https:\/\/perfettohome.sk\/hu\/produkt\/mazzini-drevene-sparadla-220ks\/","title":{"rendered":"MAZZINI \u2013 Dreven\u00e9 \u0161p\u00e1radl\u00e1 220ks"},"content":{"rendered":"","protected":false},"excerpt":{"rendered":"","protected":false},"featured_media":18867,"template":"","meta":[],"product_brand":[363],"product_cat":[253],"product_tag":[],"class_list":{"0":"post-18885","1":"product","2":"type-product","3":"status-publish","4":"has-post-thumbnail","6":"product_brand-mazzini","7":"product_cat-pomocny-material","9":"first","10":"instock","11":"taxable","12":"shipping-taxable","13":"purchasable","14":"product-type-simple"},"_links":{"self":[{"href":"https:\/\/perfettohome.sk\/hu\/wp-json\/wp\/v2\/product\/18885","targetHints":{"allow":["GET"]}}],"collection":[{"href":"https:\/\/perfettohome.sk\/hu\/wp-json\/wp\/v2\/product"}],"about":[{"href":"https:\/\/perfettohome.sk\/hu\/wp-json\/wp\/v2\/types\/product"}],"wp:featuredmedia":[{"embeddable":true,"href":"https:\/\/perfettohome.sk\/hu\/wp-json\/wp\/v2\/media\/18867"}],"wp:attachment":[{"href":"https:\/\/perfettohome.sk\/hu\/wp-json\/wp\/v2\/media?parent=18885"}],"wp:term":[{"taxonomy":"product_brand","embeddable":true,"href":"https:\/\/perfettohome.sk\/hu\/wp-json\/wp\/v2\/product_brand?post=18885"},{"taxonomy":"product_cat","embeddable":true,"href":"https:\/\/perfettohome.sk\/hu\/wp-json\/wp\/v2\/product_cat?post=18885"},{"taxonomy":"product_tag","embeddable":true,"href":"https:\/\/perfettohome.sk\/hu\/wp-json\/wp\/v2\/product_tag?post=18885"}],"curies":[{"name":"wp","href":"https:\/\/api.w.org\/{rel}","templated":true}]}}