{"id":18978,"date":"2026-04-17T15:46:01","date_gmt":"2026-04-17T13:46:01","guid":{"rendered":"https:\/\/perfettohome.sk\/?post_type=product&#038;p=18978"},"modified":"2026-04-17T15:52:36","modified_gmt":"2026-04-17T13:52:36","slug":"hame-korenina-nove-korenie-cele-15g","status":"publish","type":"product","link":"https:\/\/perfettohome.sk\/hu\/produkt\/hame-korenina-nove-korenie-cele-15g\/","title":{"rendered":"Ham\u00e9 korenina &#8211; Nov\u00e9 korenie cel\u00e9 15g"},"content":{"rendered":"","protected":false},"excerpt":{"rendered":"","protected":false},"featured_media":18909,"template":"","meta":[],"product_brand":[],"product_cat":[145],"product_tag":[],"class_list":{"0":"post-18978","1":"product","2":"type-product","3":"status-publish","4":"has-post-thumbnail","6":"product_cat-uncategorized-sk","8":"first","9":"instock","10":"taxable","11":"shipping-taxable","12":"purchasable","13":"product-type-simple"},"_links":{"self":[{"href":"https:\/\/perfettohome.sk\/hu\/wp-json\/wp\/v2\/product\/18978","targetHints":{"allow":["GET"]}}],"collection":[{"href":"https:\/\/perfettohome.sk\/hu\/wp-json\/wp\/v2\/product"}],"about":[{"href":"https:\/\/perfettohome.sk\/hu\/wp-json\/wp\/v2\/types\/product"}],"wp:featuredmedia":[{"embeddable":true,"href":"https:\/\/perfettohome.sk\/hu\/wp-json\/wp\/v2\/media\/18909"}],"wp:attachment":[{"href":"https:\/\/perfettohome.sk\/hu\/wp-json\/wp\/v2\/media?parent=18978"}],"wp:term":[{"taxonomy":"product_brand","embeddable":true,"href":"https:\/\/perfettohome.sk\/hu\/wp-json\/wp\/v2\/product_brand?post=18978"},{"taxonomy":"product_cat","embeddable":true,"href":"https:\/\/perfettohome.sk\/hu\/wp-json\/wp\/v2\/product_cat?post=18978"},{"taxonomy":"product_tag","embeddable":true,"href":"https:\/\/perfettohome.sk\/hu\/wp-json\/wp\/v2\/product_tag?post=18978"}],"curies":[{"name":"wp","href":"https:\/\/api.w.org\/{rel}","templated":true}]}}