{"id":18980,"date":"2026-04-17T15:48:29","date_gmt":"2026-04-17T13:48:29","guid":{"rendered":"https:\/\/perfettohome.sk\/?post_type=product&#038;p=18980"},"modified":"2026-04-21T12:47:33","modified_gmt":"2026-04-21T10:47:33","slug":"hame-korenina-cierne-korenie-mlete-18g","status":"publish","type":"product","link":"https:\/\/perfettohome.sk\/hu\/produkt\/hame-korenina-cierne-korenie-mlete-18g\/","title":{"rendered":"Ham\u00e9 korenina &#8211; \u010cierne korenie mlet\u00e9 18g"},"content":{"rendered":"","protected":false},"excerpt":{"rendered":"","protected":false},"featured_media":18915,"template":"","meta":[],"product_brand":[366],"product_cat":[365],"product_tag":[],"class_list":{"0":"post-18980","1":"product","2":"type-product","3":"status-publish","4":"has-post-thumbnail","6":"product_brand-hame-vitana","7":"product_cat-trvanlive-potraviny","9":"first","10":"instock","11":"taxable","12":"shipping-taxable","13":"purchasable","14":"product-type-simple"},"_links":{"self":[{"href":"https:\/\/perfettohome.sk\/hu\/wp-json\/wp\/v2\/product\/18980","targetHints":{"allow":["GET"]}}],"collection":[{"href":"https:\/\/perfettohome.sk\/hu\/wp-json\/wp\/v2\/product"}],"about":[{"href":"https:\/\/perfettohome.sk\/hu\/wp-json\/wp\/v2\/types\/product"}],"wp:featuredmedia":[{"embeddable":true,"href":"https:\/\/perfettohome.sk\/hu\/wp-json\/wp\/v2\/media\/18915"}],"wp:attachment":[{"href":"https:\/\/perfettohome.sk\/hu\/wp-json\/wp\/v2\/media?parent=18980"}],"wp:term":[{"taxonomy":"product_brand","embeddable":true,"href":"https:\/\/perfettohome.sk\/hu\/wp-json\/wp\/v2\/product_brand?post=18980"},{"taxonomy":"product_cat","embeddable":true,"href":"https:\/\/perfettohome.sk\/hu\/wp-json\/wp\/v2\/product_cat?post=18980"},{"taxonomy":"product_tag","embeddable":true,"href":"https:\/\/perfettohome.sk\/hu\/wp-json\/wp\/v2\/product_tag?post=18980"}],"curies":[{"name":"wp","href":"https:\/\/api.w.org\/{rel}","templated":true}]}}