{"id":19011,"date":"2026-04-17T16:26:33","date_gmt":"2026-04-17T14:26:33","guid":{"rendered":"https:\/\/perfettohome.sk\/?post_type=product&#038;p=19011"},"modified":"2026-04-21T12:36:48","modified_gmt":"2026-04-21T10:36:48","slug":"5058-hame-pasteta-bocikova-48g","status":"publish","type":"product","link":"https:\/\/perfettohome.sk\/hu\/produkt\/5058-hame-pasteta-bocikova-48g\/","title":{"rendered":"Ham\u00e9 pa\u0161t\u00e9ta &#8211; b\u00f4\u010dikov\u00e1 48g"},"content":{"rendered":"","protected":false},"excerpt":{"rendered":"","protected":false},"featured_media":18943,"template":"","meta":[],"product_brand":[366],"product_cat":[365],"product_tag":[],"class_list":{"0":"post-19011","1":"product","2":"type-product","3":"status-publish","4":"has-post-thumbnail","6":"product_brand-hame-vitana","7":"product_cat-trvanlive-potraviny","9":"first","10":"instock","11":"taxable","12":"shipping-taxable","13":"purchasable","14":"product-type-simple"},"_links":{"self":[{"href":"https:\/\/perfettohome.sk\/hu\/wp-json\/wp\/v2\/product\/19011","targetHints":{"allow":["GET"]}}],"collection":[{"href":"https:\/\/perfettohome.sk\/hu\/wp-json\/wp\/v2\/product"}],"about":[{"href":"https:\/\/perfettohome.sk\/hu\/wp-json\/wp\/v2\/types\/product"}],"wp:featuredmedia":[{"embeddable":true,"href":"https:\/\/perfettohome.sk\/hu\/wp-json\/wp\/v2\/media\/18943"}],"wp:attachment":[{"href":"https:\/\/perfettohome.sk\/hu\/wp-json\/wp\/v2\/media?parent=19011"}],"wp:term":[{"taxonomy":"product_brand","embeddable":true,"href":"https:\/\/perfettohome.sk\/hu\/wp-json\/wp\/v2\/product_brand?post=19011"},{"taxonomy":"product_cat","embeddable":true,"href":"https:\/\/perfettohome.sk\/hu\/wp-json\/wp\/v2\/product_cat?post=19011"},{"taxonomy":"product_tag","embeddable":true,"href":"https:\/\/perfettohome.sk\/hu\/wp-json\/wp\/v2\/product_tag?post=19011"}],"curies":[{"name":"wp","href":"https:\/\/api.w.org\/{rel}","templated":true}]}}