{"id":19015,"date":"2026-04-17T16:49:42","date_gmt":"2026-04-17T14:49:42","guid":{"rendered":"https:\/\/perfettohome.sk\/?post_type=product&#038;p=19015"},"modified":"2026-04-17T16:49:42","modified_gmt":"2026-04-17T14:49:42","slug":"hame-bujon-slepaci-60g","status":"publish","type":"product","link":"https:\/\/perfettohome.sk\/hu\/produkt\/hame-bujon-slepaci-60g\/","title":{"rendered":"Ham\u00e9 Buj\u00f3n slepa\u010d\u00ed 60g"},"content":{"rendered":"","protected":false},"excerpt":{"rendered":"","protected":false},"featured_media":18963,"template":"","meta":[],"product_brand":[],"product_cat":[145],"product_tag":[],"class_list":{"0":"post-19015","1":"product","2":"type-product","3":"status-publish","4":"has-post-thumbnail","6":"product_cat-uncategorized-sk","8":"first","9":"instock","10":"taxable","11":"shipping-taxable","12":"purchasable","13":"product-type-simple"},"_links":{"self":[{"href":"https:\/\/perfettohome.sk\/hu\/wp-json\/wp\/v2\/product\/19015","targetHints":{"allow":["GET"]}}],"collection":[{"href":"https:\/\/perfettohome.sk\/hu\/wp-json\/wp\/v2\/product"}],"about":[{"href":"https:\/\/perfettohome.sk\/hu\/wp-json\/wp\/v2\/types\/product"}],"wp:featuredmedia":[{"embeddable":true,"href":"https:\/\/perfettohome.sk\/hu\/wp-json\/wp\/v2\/media\/18963"}],"wp:attachment":[{"href":"https:\/\/perfettohome.sk\/hu\/wp-json\/wp\/v2\/media?parent=19015"}],"wp:term":[{"taxonomy":"product_brand","embeddable":true,"href":"https:\/\/perfettohome.sk\/hu\/wp-json\/wp\/v2\/product_brand?post=19015"},{"taxonomy":"product_cat","embeddable":true,"href":"https:\/\/perfettohome.sk\/hu\/wp-json\/wp\/v2\/product_cat?post=19015"},{"taxonomy":"product_tag","embeddable":true,"href":"https:\/\/perfettohome.sk\/hu\/wp-json\/wp\/v2\/product_tag?post=19015"}],"curies":[{"name":"wp","href":"https:\/\/api.w.org\/{rel}","templated":true}]}}