{"id":19132,"date":"2026-04-23T13:42:01","date_gmt":"2026-04-23T11:42:01","guid":{"rendered":"https:\/\/perfettohome.sk\/?post_type=product&#038;p=19132"},"modified":"2026-04-23T13:42:02","modified_gmt":"2026-04-23T11:42:02","slug":"pedro-gumene-cukriky-zraloky-80g","status":"publish","type":"product","link":"https:\/\/perfettohome.sk\/hu\/produkt\/pedro-gumene-cukriky-zraloky-80g\/","title":{"rendered":"PEDRO Gumen\u00e9 cukr\u00edky \u017draloky 80g"},"content":{"rendered":"","protected":false},"excerpt":{"rendered":"","protected":false},"featured_media":19097,"template":"","meta":[],"product_brand":[368],"product_cat":[287],"product_tag":[],"class_list":{"0":"post-19132","1":"product","2":"type-product","3":"status-publish","4":"has-post-thumbnail","6":"product_brand-pedro","7":"product_cat-cukrovinky","9":"first","10":"instock","11":"taxable","12":"shipping-taxable","13":"purchasable","14":"product-type-simple"},"_links":{"self":[{"href":"https:\/\/perfettohome.sk\/hu\/wp-json\/wp\/v2\/product\/19132","targetHints":{"allow":["GET"]}}],"collection":[{"href":"https:\/\/perfettohome.sk\/hu\/wp-json\/wp\/v2\/product"}],"about":[{"href":"https:\/\/perfettohome.sk\/hu\/wp-json\/wp\/v2\/types\/product"}],"wp:featuredmedia":[{"embeddable":true,"href":"https:\/\/perfettohome.sk\/hu\/wp-json\/wp\/v2\/media\/19097"}],"wp:attachment":[{"href":"https:\/\/perfettohome.sk\/hu\/wp-json\/wp\/v2\/media?parent=19132"}],"wp:term":[{"taxonomy":"product_brand","embeddable":true,"href":"https:\/\/perfettohome.sk\/hu\/wp-json\/wp\/v2\/product_brand?post=19132"},{"taxonomy":"product_cat","embeddable":true,"href":"https:\/\/perfettohome.sk\/hu\/wp-json\/wp\/v2\/product_cat?post=19132"},{"taxonomy":"product_tag","embeddable":true,"href":"https:\/\/perfettohome.sk\/hu\/wp-json\/wp\/v2\/product_tag?post=19132"}],"curies":[{"name":"wp","href":"https:\/\/api.w.org\/{rel}","templated":true}]}}