{"id":19135,"date":"2026-04-23T13:47:37","date_gmt":"2026-04-23T11:47:37","guid":{"rendered":"https:\/\/perfettohome.sk\/?post_type=product&#038;p=19135"},"modified":"2026-04-23T13:47:37","modified_gmt":"2026-04-23T11:47:37","slug":"pedro-duhove-pasiky-80g","status":"publish","type":"product","link":"https:\/\/perfettohome.sk\/hu\/produkt\/pedro-duhove-pasiky-80g\/","title":{"rendered":"PEDRO D\u00fahov\u00e9 p\u00e1siky 80g"},"content":{"rendered":"","protected":false},"excerpt":{"rendered":"","protected":false},"featured_media":19089,"template":"","meta":[],"product_brand":[368],"product_cat":[287],"product_tag":[],"class_list":{"0":"post-19135","1":"product","2":"type-product","3":"status-publish","4":"has-post-thumbnail","6":"product_brand-pedro","7":"product_cat-cukrovinky","9":"first","10":"instock","11":"taxable","12":"shipping-taxable","13":"purchasable","14":"product-type-simple"},"_links":{"self":[{"href":"https:\/\/perfettohome.sk\/hu\/wp-json\/wp\/v2\/product\/19135","targetHints":{"allow":["GET"]}}],"collection":[{"href":"https:\/\/perfettohome.sk\/hu\/wp-json\/wp\/v2\/product"}],"about":[{"href":"https:\/\/perfettohome.sk\/hu\/wp-json\/wp\/v2\/types\/product"}],"wp:featuredmedia":[{"embeddable":true,"href":"https:\/\/perfettohome.sk\/hu\/wp-json\/wp\/v2\/media\/19089"}],"wp:attachment":[{"href":"https:\/\/perfettohome.sk\/hu\/wp-json\/wp\/v2\/media?parent=19135"}],"wp:term":[{"taxonomy":"product_brand","embeddable":true,"href":"https:\/\/perfettohome.sk\/hu\/wp-json\/wp\/v2\/product_brand?post=19135"},{"taxonomy":"product_cat","embeddable":true,"href":"https:\/\/perfettohome.sk\/hu\/wp-json\/wp\/v2\/product_cat?post=19135"},{"taxonomy":"product_tag","embeddable":true,"href":"https:\/\/perfettohome.sk\/hu\/wp-json\/wp\/v2\/product_tag?post=19135"}],"curies":[{"name":"wp","href":"https:\/\/api.w.org\/{rel}","templated":true}]}}