{"id":19192,"date":"2026-04-29T16:49:54","date_gmt":"2026-04-29T14:49:54","guid":{"rendered":"https:\/\/perfettohome.sk\/?post_type=product&#038;p=19192"},"modified":"2026-04-30T12:10:50","modified_gmt":"2026-04-30T10:10:50","slug":"5131-bezvajecne-cestoviny-zo-srdca-400g-spiraly","status":"publish","type":"product","link":"https:\/\/perfettohome.sk\/hu\/produkt\/5131-bezvajecne-cestoviny-zo-srdca-400g-spiraly\/","title":{"rendered":"5131 Bezvaje\u010dn\u00e9 cestoviny &#8211; ZO SRDCA 400g &#8211; \u0160pir\u00e1ly"},"content":{"rendered":"","protected":false},"excerpt":{"rendered":"","protected":false},"featured_media":19206,"template":"","meta":[],"product_brand":[369],"product_cat":[365],"product_tag":[],"class_list":{"0":"post-19192","1":"product","2":"type-product","3":"status-publish","4":"has-post-thumbnail","6":"product_brand-zo-srdca","7":"product_cat-trvanlive-potraviny","9":"first","10":"instock","11":"taxable","12":"shipping-taxable","13":"purchasable","14":"product-type-simple"},"_links":{"self":[{"href":"https:\/\/perfettohome.sk\/hu\/wp-json\/wp\/v2\/product\/19192","targetHints":{"allow":["GET"]}}],"collection":[{"href":"https:\/\/perfettohome.sk\/hu\/wp-json\/wp\/v2\/product"}],"about":[{"href":"https:\/\/perfettohome.sk\/hu\/wp-json\/wp\/v2\/types\/product"}],"wp:featuredmedia":[{"embeddable":true,"href":"https:\/\/perfettohome.sk\/hu\/wp-json\/wp\/v2\/media\/19206"}],"wp:attachment":[{"href":"https:\/\/perfettohome.sk\/hu\/wp-json\/wp\/v2\/media?parent=19192"}],"wp:term":[{"taxonomy":"product_brand","embeddable":true,"href":"https:\/\/perfettohome.sk\/hu\/wp-json\/wp\/v2\/product_brand?post=19192"},{"taxonomy":"product_cat","embeddable":true,"href":"https:\/\/perfettohome.sk\/hu\/wp-json\/wp\/v2\/product_cat?post=19192"},{"taxonomy":"product_tag","embeddable":true,"href":"https:\/\/perfettohome.sk\/hu\/wp-json\/wp\/v2\/product_tag?post=19192"}],"curies":[{"name":"wp","href":"https:\/\/api.w.org\/{rel}","templated":true}]}}