{"id":19193,"date":"2026-04-29T16:49:54","date_gmt":"2026-04-29T14:49:54","guid":{"rendered":"https:\/\/perfettohome.sk\/?post_type=product&#038;p=19193"},"modified":"2026-04-29T16:50:22","modified_gmt":"2026-04-29T14:50:22","slug":"5132-bezvajecne-cestoviny-zo-srdca-400g-rezance-tenke","status":"publish","type":"product","link":"https:\/\/perfettohome.sk\/hu\/produkt\/5132-bezvajecne-cestoviny-zo-srdca-400g-rezance-tenke\/","title":{"rendered":"5132 Bezvaje\u010dn\u00e9 cestoviny &#8211; ZO SRDCA 400g &#8211; Rezance tenk\u00e9"},"content":{"rendered":"<p>kart\u00f3n 24ks<\/p>\n","protected":false},"excerpt":{"rendered":"<p>kart\u00f3n 24ks<\/p>\n","protected":false},"featured_media":0,"template":"","meta":[],"product_brand":[369],"product_cat":[365],"product_tag":[],"class_list":{"0":"post-19193","1":"product","2":"type-product","3":"status-publish","5":"product_brand-zo-srdca","6":"product_cat-trvanlive-potraviny","8":"first","9":"instock","10":"taxable","11":"shipping-taxable","12":"purchasable","13":"product-type-simple"},"_links":{"self":[{"href":"https:\/\/perfettohome.sk\/hu\/wp-json\/wp\/v2\/product\/19193","targetHints":{"allow":["GET"]}}],"collection":[{"href":"https:\/\/perfettohome.sk\/hu\/wp-json\/wp\/v2\/product"}],"about":[{"href":"https:\/\/perfettohome.sk\/hu\/wp-json\/wp\/v2\/types\/product"}],"wp:attachment":[{"href":"https:\/\/perfettohome.sk\/hu\/wp-json\/wp\/v2\/media?parent=19193"}],"wp:term":[{"taxonomy":"product_brand","embeddable":true,"href":"https:\/\/perfettohome.sk\/hu\/wp-json\/wp\/v2\/product_brand?post=19193"},{"taxonomy":"product_cat","embeddable":true,"href":"https:\/\/perfettohome.sk\/hu\/wp-json\/wp\/v2\/product_cat?post=19193"},{"taxonomy":"product_tag","embeddable":true,"href":"https:\/\/perfettohome.sk\/hu\/wp-json\/wp\/v2\/product_tag?post=19193"}],"curies":[{"name":"wp","href":"https:\/\/api.w.org\/{rel}","templated":true}]}}