{"id":19199,"date":"2026-04-29T16:49:54","date_gmt":"2026-04-29T14:49:54","guid":{"rendered":"https:\/\/perfettohome.sk\/?post_type=product&#038;p=19199"},"modified":"2026-04-29T16:51:14","modified_gmt":"2026-04-29T14:51:14","slug":"5139-bezvajecne-cestoviny-zo-srdca-400g-slovenska-ryza","status":"publish","type":"product","link":"https:\/\/perfettohome.sk\/hu\/produkt\/5139-bezvajecne-cestoviny-zo-srdca-400g-slovenska-ryza\/","title":{"rendered":"5139 Bezvaje\u010dn\u00e9 cestoviny &#8211; ZO SRDCA 400g &#8211; Slovensk\u00e1 ry\u017ea"},"content":{"rendered":"<p>kart\u00f3n 36ks<\/p>\n","protected":false},"excerpt":{"rendered":"<p>kart\u00f3n 36ks<\/p>\n","protected":false},"featured_media":19216,"template":"","meta":[],"product_brand":[369],"product_cat":[365],"product_tag":[],"class_list":{"0":"post-19199","1":"product","2":"type-product","3":"status-publish","4":"has-post-thumbnail","6":"product_brand-zo-srdca","7":"product_cat-trvanlive-potraviny","9":"first","10":"instock","11":"taxable","12":"shipping-taxable","13":"purchasable","14":"product-type-simple"},"_links":{"self":[{"href":"https:\/\/perfettohome.sk\/hu\/wp-json\/wp\/v2\/product\/19199","targetHints":{"allow":["GET"]}}],"collection":[{"href":"https:\/\/perfettohome.sk\/hu\/wp-json\/wp\/v2\/product"}],"about":[{"href":"https:\/\/perfettohome.sk\/hu\/wp-json\/wp\/v2\/types\/product"}],"wp:featuredmedia":[{"embeddable":true,"href":"https:\/\/perfettohome.sk\/hu\/wp-json\/wp\/v2\/media\/19216"}],"wp:attachment":[{"href":"https:\/\/perfettohome.sk\/hu\/wp-json\/wp\/v2\/media?parent=19199"}],"wp:term":[{"taxonomy":"product_brand","embeddable":true,"href":"https:\/\/perfettohome.sk\/hu\/wp-json\/wp\/v2\/product_brand?post=19199"},{"taxonomy":"product_cat","embeddable":true,"href":"https:\/\/perfettohome.sk\/hu\/wp-json\/wp\/v2\/product_cat?post=19199"},{"taxonomy":"product_tag","embeddable":true,"href":"https:\/\/perfettohome.sk\/hu\/wp-json\/wp\/v2\/product_tag?post=19199"}],"curies":[{"name":"wp","href":"https:\/\/api.w.org\/{rel}","templated":true}]}}