{"id":8912,"date":"2025-03-22T17:51:14","date_gmt":"2025-03-22T16:51:14","guid":{"rendered":"https:\/\/ridarsped.dobry-web.sk\/index.php\/produkt\/vizsgalati-termek\/"},"modified":"2025-03-26T02:44:16","modified_gmt":"2025-03-26T01:44:16","slug":"vizsgalati-termek","status":"publish","type":"product","link":"https:\/\/perfettohome.sk\/hu\/produkt\/vizsgalati-termek\/","title":{"rendered":"vizsg\u00e1lati term\u00e9k"},"content":{"rendered":"<p>Ez a term\u00e9k a megb\u00edzhat\u00f3s\u00e1g, a k\u00e9nyelem \u00e9s az id\u0151tlen megjelen\u00e9s ide\u00e1lis kombin\u00e1ci\u00f3j\u00e1t ny\u00fajtja. Kiv\u00e1l\u00f3 min\u0151s\u00e9g\u0171 anyagokb\u00f3l k\u00e9sz\u00fclt, alkalmas mindennapi haszn\u00e1latra otthon \u00e9s \u00fatk\u00f6zben. Prec\u00edz kivitelez\u00e9s\u00e9nek \u00e9s funkcion\u00e1lis kialak\u00edt\u00e1s\u00e1nak k\u00f6sz\u00f6nhet\u0151en felszerel\u00e9s\u00e9nek kedvelt r\u00e9sz\u00e9v\u00e9 v\u00e1lik. K\u00e9nyeztesse mag\u00e1t egy praktikus megold\u00e1ssal, amely tart\u00f3s.<\/p>\n","protected":false},"excerpt":{"rendered":"<p>Ez a term\u00e9k a megb\u00edzhat\u00f3s\u00e1g, a k\u00e9nyelem \u00e9s az id\u0151tlen megjelen\u00e9s ide\u00e1lis kombin\u00e1ci\u00f3j\u00e1t ny\u00fajtja. Kiv\u00e1l\u00f3 min\u0151s\u00e9g\u0171 anyagokb\u00f3l k\u00e9sz\u00fclt, alkalmas mindennapi haszn\u00e1latra otthon \u00e9s \u00fatk\u00f6zben. Prec\u00edz kivitelez\u00e9s\u00e9nek \u00e9s funkcion\u00e1lis kialak\u00edt\u00e1s\u00e1nak k\u00f6sz\u00f6nhet\u0151en felszerel\u00e9s\u00e9nek kedvelt r\u00e9sz\u00e9v\u00e9 v\u00e1lik. K\u00e9nyeztesse mag\u00e1t egy praktikus megold\u00e1ssal, amely tart\u00f3s.   <\/p>\n","protected":false},"featured_media":8857,"template":"","meta":[],"product_brand":[42],"product_cat":[146],"product_tag":[],"class_list":{"0":"post-8912","1":"product","2":"type-product","3":"status-publish","4":"has-post-thumbnail","6":"product_brand-daak","7":"product_cat-oblitok-hu","9":"first","10":"instock","11":"taxable","12":"shipping-taxable","13":"purchasable","14":"product-type-simple"},"_links":{"self":[{"href":"https:\/\/perfettohome.sk\/hu\/wp-json\/wp\/v2\/product\/8912","targetHints":{"allow":["GET"]}}],"collection":[{"href":"https:\/\/perfettohome.sk\/hu\/wp-json\/wp\/v2\/product"}],"about":[{"href":"https:\/\/perfettohome.sk\/hu\/wp-json\/wp\/v2\/types\/product"}],"wp:featuredmedia":[{"embeddable":true,"href":"https:\/\/perfettohome.sk\/hu\/wp-json\/wp\/v2\/media\/8857"}],"wp:attachment":[{"href":"https:\/\/perfettohome.sk\/hu\/wp-json\/wp\/v2\/media?parent=8912"}],"wp:term":[{"taxonomy":"product_brand","embeddable":true,"href":"https:\/\/perfettohome.sk\/hu\/wp-json\/wp\/v2\/product_brand?post=8912"},{"taxonomy":"product_cat","embeddable":true,"href":"https:\/\/perfettohome.sk\/hu\/wp-json\/wp\/v2\/product_cat?post=8912"},{"taxonomy":"product_tag","embeddable":true,"href":"https:\/\/perfettohome.sk\/hu\/wp-json\/wp\/v2\/product_tag?post=8912"}],"curies":[{"name":"wp","href":"https:\/\/api.w.org\/{rel}","templated":true}]}}